{"id":2,"date":"2016-08-16T21:16:00","date_gmt":"2016-08-16T21:16:00","guid":{"rendered":"http:\/\/carloswagner.jor.br\/blog\/?page_id=2"},"modified":"2017-12-27T02:35:45","modified_gmt":"2017-12-27T05:35:45","slug":"sobre","status":"publish","type":"page","link":"https:\/\/carloswagner.jor.br\/blog\/sobre\/","title":{"rendered":"Sobre este site"},"content":{"rendered":"<p><strong>Carlos Wagner<\/strong> \u00e9 rep\u00f3rter, graduado em Comunica\u00e7\u00e3o Social &#8212; habilita\u00e7\u00e3o em Jornalismo, pela Universidade Federal do Rio Grande do Sul &#8212; Ufrgs. Trabalhou como rep\u00f3rter investigativo no jornal Zero Hora (RS, Brasil) de 1983 a 2014. Recebeu 38 pr\u00eamios de Jornalismo, entre eles, sete Pr\u00eamios Esso regionais. Tem 17 livros publicados, como &#8220;Pa\u00eds Bandido&#8221;. Aos 67 anos, foi homenageado no 12\u00ba encontro da Associa\u00e7\u00e3o Brasileira de Jornalismo Investigativo (ABRAJI), em 2017, SP.<\/p>\n<div style=\"column-span: all; -webkit-column-count: 1; -moz-column-count: 1; column-count: 1;\">\n<p><span class=\"embed-youtube\" style=\"text-align:center; display: block;\"><iframe loading=\"lazy\" class=\"youtube-player\" width=\"640\" height=\"360\" src=\"https:\/\/www.youtube.com\/embed\/Yi_s0pZ6s9c?version=3&#038;rel=1&#038;showsearch=0&#038;showinfo=1&#038;iv_load_policy=1&#038;fs=1&#038;hl=pt-BR&#038;autohide=2&#038;wmode=transparent\" allowfullscreen=\"true\" style=\"border:0;\" sandbox=\"allow-scripts allow-same-origin allow-popups allow-presentation allow-popups-to-escape-sandbox\"><\/iframe><\/span><\/p>\n<\/div>\n","protected":false},"excerpt":{"rendered":"<p>Carlos Wagner \u00e9 rep\u00f3rter, graduado em Comunica\u00e7\u00e3o Social &#8212; habilita\u00e7\u00e3o em Jornalismo, pela Universidade Federal do Rio Grande do Sul &#8212; Ufrgs. Trabalhou como rep\u00f3rter investigativo no jornal Zero Hora (RS, Brasil) de 1983 a 2014. Recebeu 38 pr\u00eamios de Jornalismo, entre eles, sete Pr\u00eamios Esso regionais. Tem 17 livros publicados, como &#8220;Pa\u00eds Bandido&#8221;. Aos <a class=\"read-more\" href=\"https:\/\/carloswagner.jor.br\/blog\/sobre\/\">Read More&#8230;<\/a><\/p>\n","protected":false},"author":1,"featured_media":0,"parent":0,"menu_order":0,"comment_status":"closed","ping_status":"open","template":"","meta":{"jetpack_post_was_ever_published":false,"footnotes":""},"class_list":["post-2","page","type-page","status-publish","hentry"],"jetpack_sharing_enabled":true,"jetpack_shortlink":"https:\/\/wp.me\/P7Requ-2","jetpack-related-posts":[{"id":4,"url":"https:\/\/carloswagner.jor.br\/blog\/contact-us\/","url_meta":{"origin":2,"position":0},"title":"Contato","author":"Carlos Wagner","date":"26 de agosto de 2016","format":false,"excerpt":"Fale comigo. Sou Carlos Wagner, rep\u00f3rter.","rel":"","context":"Post similar","block_context":{"text":"Post similar","link":""},"img":{"alt_text":"","src":"","width":0,"height":0},"classes":[]}],"jetpack_likes_enabled":true,"_links":{"self":[{"href":"https:\/\/carloswagner.jor.br\/blog\/wp-json\/wp\/v2\/pages\/2","targetHints":{"allow":["GET"]}}],"collection":[{"href":"https:\/\/carloswagner.jor.br\/blog\/wp-json\/wp\/v2\/pages"}],"about":[{"href":"https:\/\/carloswagner.jor.br\/blog\/wp-json\/wp\/v2\/types\/page"}],"author":[{"embeddable":true,"href":"https:\/\/carloswagner.jor.br\/blog\/wp-json\/wp\/v2\/users\/1"}],"replies":[{"embeddable":true,"href":"https:\/\/carloswagner.jor.br\/blog\/wp-json\/wp\/v2\/comments?post=2"}],"version-history":[{"count":7,"href":"https:\/\/carloswagner.jor.br\/blog\/wp-json\/wp\/v2\/pages\/2\/revisions"}],"predecessor-version":[{"id":1039,"href":"https:\/\/carloswagner.jor.br\/blog\/wp-json\/wp\/v2\/pages\/2\/revisions\/1039"}],"wp:attachment":[{"href":"https:\/\/carloswagner.jor.br\/blog\/wp-json\/wp\/v2\/media?parent=2"}],"curies":[{"name":"wp","href":"https:\/\/api.w.org\/{rel}","templated":true}]}}